{"id":74,"date":"2021-05-30T17:53:45","date_gmt":"2021-05-30T15:53:45","guid":{"rendered":"https:\/\/gengenbacher-mixing.de\/?page_id=74"},"modified":"2024-03-30T14:47:52","modified_gmt":"2024-03-30T13:47:52","slug":"about","status":"publish","type":"page","link":"https:\/\/gengenbacher-mixing.de\/","title":{"rendered":"Home"},"content":{"rendered":"\n<h2 class=\"wp-block-heading\" id=\"Leistungen\">Leistungen<\/h2>\n\n\n\n<div class=\"wp-block-columns is-layout-flex wp-container-core-columns-is-layout-9d6595d7 wp-block-columns-is-layout-flex\">\n<div class=\"wp-block-column is-layout-flow wp-block-column-is-layout-flow\">\n<h3 class=\"wp-block-heading has-text-align-center\">Mixing<\/h3>\n\n\n<div class=\"wp-block-image\">\n<figure class=\"aligncenter size-full is-resized\"><img loading=\"lazy\" decoding=\"async\" width=\"50\" height=\"50\" src=\"https:\/\/gengenbacher-mixing.de\/wp-content\/uploads\/2021\/06\/Mixing_Thin_2.svg\" alt=\"\" class=\"wp-image-106\" style=\"width:95px;height:95px\"\/><\/figure>\n<\/div>\n\n\n<p>Deine Musik &#8211; Dein Sound &#8211; Dein Mix. Nach Deinen W\u00fcnschen gestaltet. <\/p>\n\n\n\n<p>Neben einem klaren und kraftvollen Sound liegt mein gr\u00f6\u00dfter Schwerpunkt auf der Umsetzung der k\u00fcnstlerischen Vision. Aus diesem Grund biete ich Dir zahlreiche M\u00f6glichkeiten an, Deine W\u00fcnsche in den Mixingprozess einzubringen.<\/p>\n<\/div>\n\n\n\n<div class=\"wp-block-column is-layout-flow wp-block-column-is-layout-flow\">\n<h3 class=\"wp-block-heading has-text-align-center\">Mastering<\/h3>\n\n\n<div class=\"wp-block-image\">\n<figure class=\"aligncenter size-full is-resized\"><img loading=\"lazy\" decoding=\"async\" width=\"50\" height=\"50\" src=\"https:\/\/gengenbacher-mixing.de\/wp-content\/uploads\/2021\/05\/Mastering.svg\" alt=\"\" class=\"wp-image-92\" style=\"width:95px;height:95px\"\/><\/figure>\n<\/div>\n\n\n<p>Standardmasse? Keine Chance. F\u00fcge Deinem Mix ein individuelles Mastering f\u00fcr die g\u00e4ngigsten Zielplattformen hinzu.<\/p>\n\n\n\n<p>Gerne kann das Mastering mit einem vorhergehenden Mixing verbunden werden.<\/p>\n<\/div>\n<\/div>\n\n\n\n<p class=\"has-text-align-center\">Bitte kontaktiere mich, sodass ich Dir ein ma\u00dfgeschneidertes Angebot f\u00fcr Deine W\u00fcnsche erstellen kann.<br> Gerne kannst Du dir von den untenstehenden Referenzen ein Bild meiner Arbeit einholen.<\/p>\n\n\n\n<div class=\"wp-block-buttons is-horizontal is-content-justification-center is-layout-flex wp-container-core-buttons-is-layout-499968f5 wp-block-buttons-is-layout-flex\">\n<div class=\"wp-block-button is-style-fill\"><a class=\"wp-block-button__link wp-element-button\" href=\"#Kontakt\" rel=\"#Kontakt\">Kontakt aufnehmen<\/a><\/div>\n<\/div>\n\n\n\n<div style=\"height:100px\" aria-hidden=\"true\" class=\"wp-block-spacer\"><\/div>\n\n\n\n<h2 class=\"wp-block-heading\" id=\"Referenzen\">Referenzen<\/h2>\n\n\n\n<div class=\"wp-block-columns is-layout-flex wp-container-core-columns-is-layout-9d6595d7 wp-block-columns-is-layout-flex\">\n<div class=\"wp-block-column is-layout-flow wp-block-column-is-layout-flow\">\n<figure class=\"wp-block-embed is-type-video is-provider-youtube wp-block-embed-youtube wp-embed-aspect-16-9 wp-has-aspect-ratio\"><div class=\"wp-block-embed__wrapper\">\n<iframe loading=\"lazy\" title=\"Marc Martel - Let Me Entertain You (Mixing Reference)\" width=\"843\" height=\"474\" src=\"https:\/\/www.youtube.com\/embed\/CN8AVSHVckg?feature=oembed\" frameborder=\"0\" allow=\"accelerometer; autoplay; clipboard-write; encrypted-media; gyroscope; picture-in-picture; web-share\" referrerpolicy=\"strict-origin-when-cross-origin\" allowfullscreen><\/iframe>\n<\/div><\/figure>\n<\/div>\n\n\n\n<div class=\"wp-block-column is-layout-flow wp-block-column-is-layout-flow\">\n<figure class=\"wp-block-embed is-type-video is-provider-youtube wp-block-embed-youtube wp-embed-aspect-16-9 wp-has-aspect-ratio\"><div class=\"wp-block-embed__wrapper\">\n<iframe loading=\"lazy\" title=\"Benjamin John - Better Way (Mixing Reference)\" width=\"843\" height=\"474\" src=\"https:\/\/www.youtube.com\/embed\/wjcsAXRThXM?feature=oembed\" frameborder=\"0\" allow=\"accelerometer; autoplay; clipboard-write; encrypted-media; gyroscope; picture-in-picture; web-share\" referrerpolicy=\"strict-origin-when-cross-origin\" allowfullscreen><\/iframe>\n<\/div><\/figure>\n<\/div>\n<\/div>\n\n\n\n<div style=\"height:100px\" aria-hidden=\"true\" class=\"wp-block-spacer\"><\/div>\n\n\n\n<h2 class=\"wp-block-heading\" id=\"Ueber\">\u00dcber mich<\/h2>\n\n\n\n<p>Ich bin Peter Gengenbacher, ein ambitionierter Musiker aus Baden-W\u00fcrttemberg. Nachdem ich in diversen Nebenprojekten stets positive Rezensionen \u00fcber meine Tonbearbeitungen erhalten habe, entschied ich mich im Februar 2021 zu einer professionellen Gewerbegr\u00fcndung.<\/p>\n\n\n\n<p>Als ehrgeiziger Musiker verstehe ich den besonderen Wert einer eigenen Produktion und lege deshalb meinen Fokus auf die Anspr\u00fcche meiner Kunden. Gerne st\u00fcrze ich mich in die akribische Detailarbeit, die es zur Erf\u00fcllung dieser Anspr\u00fcche bedarf.<\/p>\n\n\n\n<div style=\"height:100px\" aria-hidden=\"true\" class=\"wp-block-spacer\"><\/div>\n\n\n\n<h2 class=\"wp-block-heading\" id=\"Kontakt\">Kontakt<\/h2>\n\n\n\n<p>Email: <a href=\"mailto:info@gengenbacher-mixing.de\">info@gengenbacher-mixing.de<\/a><\/p>\n","protected":false},"excerpt":{"rendered":"<p>Leistungen Mixing Deine Musik &#8211; Dein Sound &#8211; Dein Mix. Nach Deinen W\u00fcnschen gestaltet. Neben einem klaren und kraftvollen Sound liegt mein gr\u00f6\u00dfter Schwerpunkt auf&hellip;<\/p>\n","protected":false},"author":2,"featured_media":0,"parent":0,"menu_order":0,"comment_status":"closed","ping_status":"closed","template":"","meta":{"footnotes":""},"class_list":["post-74","page","type-page","status-publish","hentry"],"translation":{"provider":"WPGlobus","version":"3.0.2","language":"de","enabled_languages":["de"],"languages":{"de":{"title":true,"content":true,"excerpt":false}}},"_links":{"self":[{"href":"https:\/\/gengenbacher-mixing.de\/index.php\/wp-json\/wp\/v2\/pages\/74","targetHints":{"allow":["GET"]}}],"collection":[{"href":"https:\/\/gengenbacher-mixing.de\/index.php\/wp-json\/wp\/v2\/pages"}],"about":[{"href":"https:\/\/gengenbacher-mixing.de\/index.php\/wp-json\/wp\/v2\/types\/page"}],"author":[{"embeddable":true,"href":"https:\/\/gengenbacher-mixing.de\/index.php\/wp-json\/wp\/v2\/users\/2"}],"replies":[{"embeddable":true,"href":"https:\/\/gengenbacher-mixing.de\/index.php\/wp-json\/wp\/v2\/comments?post=74"}],"version-history":[{"count":38,"href":"https:\/\/gengenbacher-mixing.de\/index.php\/wp-json\/wp\/v2\/pages\/74\/revisions"}],"predecessor-version":[{"id":248,"href":"https:\/\/gengenbacher-mixing.de\/index.php\/wp-json\/wp\/v2\/pages\/74\/revisions\/248"}],"wp:attachment":[{"href":"https:\/\/gengenbacher-mixing.de\/index.php\/wp-json\/wp\/v2\/media?parent=74"}],"curies":[{"name":"wp","href":"https:\/\/api.w.org\/{rel}","templated":true}]}}